{"id":219,"date":"2025-07-08T23:50:10","date_gmt":"2025-07-08T23:50:10","guid":{"rendered":"https:\/\/oidecs.org\/services\/"},"modified":"2025-07-15T09:07:05","modified_gmt":"2025-07-15T14:07:05","slug":"services","status":"publish","type":"page","link":"https:\/\/oidecs.org\/?page_id=219","title":{"rendered":"Services"},"content":{"rendered":"\n<div class=\"wp-block-uagb-container uagb-block-c1e2fce7 alignfull uagb-is-root-container\"><div class=\"uagb-container-inner-blocks-wrap\">\n<div class=\"wp-block-uagb-advanced-heading uagb-block-c767fabd\"><h1 class=\"uagb-heading-text\">Servicios<\/h1><\/div>\n<\/div><\/div>\n\n\n\n<div class=\"wp-block-uagb-container uagb-block-92758601 alignfull uagb-is-root-container\"><div class=\"uagb-container-inner-blocks-wrap\">\n<div class=\"wp-block-uagb-container uagb-block-8ed2340c\">\n<div class=\"wp-block-uagb-info-box uagb-block-83f3c3f0 uagb-infobox__content-wrap  uagb-infobox-icon-above-title uagb-infobox-image-valign-top\"><div class=\"uagb-ifb-content\"><div class=\"uagb-ifb-title-wrap\"><h2 class=\"uagb-ifb-title\">Proyectos<\/h2><\/div><p class=\"uagb-ifb-desc\">Dise\u00f1amos, implementamos y evaluamos proyectos sociales, educativos y comunitarios con base en metodolog\u00edas participativas y enfoque interdisciplinario. Nuestras acciones responden a problem\u00e1ticas reales, promoviendo el desarrollo sostenible, la equidad y la inclusi\u00f3n. Trabajamos junto a comunidades, gobiernos y organizaciones para generar soluciones contextualizadas y efectivas. Cada proyecto se basa en evidencia cient\u00edfica y diagn\u00f3sticos sociales rigurosos. Apostamos por el impacto medible y la transformaci\u00f3n social desde lo local hasta lo internacional.<\/p><div class=\"uagb-ifb-button-wrapper wp-block-button\"><a href=\"https:\/\/oidecs.org\/contact\/\" class=\"uagb-infobox-cta-link ast-outline-button\" target=\"_blank\" rel=\"noopener noreferrer\" style=\"border-width:revert-layer\" onclick=\"return true;\"><span class=\"uagb-inline-editing\">Cont\u00e1ctanos<\/span><\/a><\/div><\/div><\/div>\n<\/div>\n\n\n\n<div class=\"wp-block-uagb-image uagb-block-704d8fd3 wp-block-uagb-image--layout-default wp-block-uagb-image--effect-static wp-block-uagb-image--align-none\"><figure class=\"wp-block-uagb-image__figure\"><img decoding=\"async\" srcset=\"https:\/\/oidecs.org\/wp-content\/uploads\/2025\/07\/los-ejecutivos-de-negocios-discutir-con-sus-colegas-en-whiteboa-1024x683.jpg ,https:\/\/oidecs.org\/wp-content\/uploads\/2025\/07\/los-ejecutivos-de-negocios-discutir-con-sus-colegas-en-whiteboa-scaled.jpg 780w, https:\/\/oidecs.org\/wp-content\/uploads\/2025\/07\/los-ejecutivos-de-negocios-discutir-con-sus-colegas-en-whiteboa-scaled.jpg 360w\" sizes=\"auto, (max-width: 480px) 150px\" src=\"https:\/\/oidecs.org\/wp-content\/uploads\/2025\/07\/los-ejecutivos-de-negocios-discutir-con-sus-colegas-en-whiteboa-1024x683.jpg\" alt=\"business executives discussing with their colleagues on whiteboard\" class=\"uag-image-1611\" width=\"570\" height=\"380\" title=\"business executives discussing with their colleagues on whiteboard\" loading=\"lazy\" role=\"img\"\/><\/figure><\/div>\n<\/div><\/div>\n\n\n\n<div class=\"wp-block-uagb-container uagb-block-0fa8dc87 alignfull uagb-is-root-container\"><div class=\"uagb-container-inner-blocks-wrap\">\n<div class=\"wp-block-uagb-image uagb-block-95ad5af2 wp-block-uagb-image--layout-default wp-block-uagb-image--effect-static wp-block-uagb-image--align-none\"><figure class=\"wp-block-uagb-image__figure\"><img decoding=\"async\" srcset=\"https:\/\/oidecs.org\/wp-content\/uploads\/2025\/07\/mujer-joven-ayudando-su-amiga-durante-la-sesion-de-estudio-1024x683.jpg ,https:\/\/oidecs.org\/wp-content\/uploads\/2025\/07\/mujer-joven-ayudando-su-amiga-durante-la-sesion-de-estudio-scaled.jpg 780w, https:\/\/oidecs.org\/wp-content\/uploads\/2025\/07\/mujer-joven-ayudando-su-amiga-durante-la-sesion-de-estudio-scaled.jpg 360w\" sizes=\"auto, (max-width: 480px) 150px\" src=\"https:\/\/oidecs.org\/wp-content\/uploads\/2025\/07\/mujer-joven-ayudando-su-amiga-durante-la-sesion-de-estudio-1024x683.jpg\" alt=\"mujer joven ayudando su amiga durante la sesion de estudio\" class=\"uag-image-1637\" width=\"570\" height=\"380\" title=\"mujer joven ayudando su amiga durante la sesion de estudio\" loading=\"lazy\" role=\"img\"\/><\/figure><\/div>\n\n\n\n<div class=\"wp-block-uagb-container uagb-block-273f62cc\">\n<div class=\"wp-block-uagb-info-box uagb-block-f179cbd3 uagb-infobox__content-wrap  uagb-infobox-icon-above-title uagb-infobox-image-valign-top\"><div class=\"uagb-ifb-content\"><div class=\"uagb-ifb-title-wrap\"><h2 class=\"uagb-ifb-title\">Servicios Educativos<\/h2><\/div><p class=\"uagb-ifb-desc\">Ofrecemos programas de formaci\u00f3n, capacitaci\u00f3n y acompa\u00f1amiento acad\u00e9mico en \u00e1reas clave para el desarrollo de las competencias profesionales, la ciudadan\u00eda, los derechos humanos y el liderazgo. Nuestros contenidos est\u00e1n dise\u00f1ados para fortalecer capacidades individuales y colectivas, con un enfoque cr\u00edtico, \u00e9tico y reflexivo. Integramos modalidades presenciales, virtuales y mixtas, adapt\u00e1ndonos a diversos contextos. Impulsamos la educaci\u00f3n como herramienta de empoderamiento social. Trabajamos con comunidades, instituciones y educadores comprometidos con el cambio.<\/p><div class=\"uagb-ifb-button-wrapper wp-block-button\"><a href=\"https:\/\/oidecs.org\/contact\/\" class=\"uagb-infobox-cta-link ast-outline-button\" target=\"_blank\" rel=\"noopener noreferrer\" style=\"border-width:revert-layer\" onclick=\"return true;\"><span class=\"uagb-inline-editing\">Cont\u00e1ctanos<\/span><\/a><\/div><\/div><\/div>\n<\/div>\n<\/div><\/div>\n\n\n\n<div class=\"wp-block-uagb-container uagb-block-a3c85d3f alignfull uagb-is-root-container\"><div class=\"uagb-container-inner-blocks-wrap\">\n<div class=\"wp-block-uagb-container uagb-block-4502a8bd\">\n<div class=\"wp-block-uagb-info-box uagb-block-109f07e7 uagb-infobox__content-wrap  uagb-infobox-icon-above-title uagb-infobox-image-valign-top\"><div class=\"uagb-ifb-content\"><div class=\"uagb-ifb-title-wrap\"><h2 class=\"uagb-ifb-title\">Donaciones<\/h2><\/div><p class=\"uagb-ifb-desc\">Facilitamos un canal transparente, confiable y \u00e9tico para recibir donaciones que impulsen programas y proyectos sociales tanto de nuestra organizaci\u00f3n como de los aliados estrat\u00e9gicos que nos acompa\u00f1an. Las contribuciones pueden provenir de personas, empresas, instituciones o personas individuales, as\u00ed como de cooperantes internacionales y se destinan directamente a acciones con impacto comunitario. Garantizamos trazabilidad y rendici\u00f3n de cuentas en cada aporte recibido. Contamos con mecanismos para donaciones en dinero o especie. Apoyar a OIDECS es invertir en transformaci\u00f3n social sostenible.<\/p><div class=\"uagb-ifb-button-wrapper wp-block-button\"><a href=\"https:\/\/oidecs.org\/contact\/\" class=\"uagb-infobox-cta-link ast-outline-button\" target=\"_blank\" rel=\"noopener noreferrer\" style=\"border-width:revert-layer\" onclick=\"return true;\"><span class=\"uagb-inline-editing\">Cont\u00e1ctanos<\/span><\/a><\/div><\/div><\/div>\n<\/div>\n\n\n\n<div class=\"wp-block-uagb-image uagb-block-18897b0b wp-block-uagb-image--layout-default wp-block-uagb-image--effect-static wp-block-uagb-image--align-none\"><figure class=\"wp-block-uagb-image__figure\"><img decoding=\"async\" srcset=\"https:\/\/oidecs.org\/wp-content\/uploads\/2025\/07\/cerrar-personas-sosteniendo-caja-1024x683.jpg ,https:\/\/oidecs.org\/wp-content\/uploads\/2025\/07\/cerrar-personas-sosteniendo-caja-scaled.jpg 780w, https:\/\/oidecs.org\/wp-content\/uploads\/2025\/07\/cerrar-personas-sosteniendo-caja-scaled.jpg 360w\" sizes=\"auto, (max-width: 480px) 150px\" src=\"https:\/\/oidecs.org\/wp-content\/uploads\/2025\/07\/cerrar-personas-sosteniendo-caja-1024x683.jpg\" alt=\"cerrar personas sosteniendo caja\" class=\"uag-image-1613\" width=\"563\" height=\"376\" title=\"cerrar personas sosteniendo caja\" loading=\"lazy\" role=\"img\"\/><\/figure><\/div>\n<\/div><\/div>\n\n\n\n<div class=\"wp-block-uagb-container uagb-block-6f559b4f alignfull uagb-is-root-container\"><div class=\"uagb-container-inner-blocks-wrap\">\n<div class=\"wp-block-uagb-advanced-heading uagb-block-9997db04\"><h2 class=\"uagb-heading-text\">Preguntas frecuantes<\/h2><\/div>\n\n\n<div class=\"wp-block-uagb-faq uagb-faq__outer-wrap uagb-block-a92893ac uagb-faq-icon-row-reverse uagb-faq-layout-accordion uagb-faq-expand-first-false uagb-faq-inactive-other-true uagb-faq__wrap uagb-buttons-layout-wrap uagb-faq-equal-height     \" data-faqtoggle=\"true\" role=\"tablist\"><div class=\"wp-block-uagb-faq-child uagb-faq-child__outer-wrap uagb-faq-item uagb-block-7b345a3a \" role=\"tab\" tabindex=\"0\"><div class=\"uagb-faq-questions-button uagb-faq-questions\">\t\t\t<span class=\"uagb-icon uagb-faq-icon-wrap\">\n\t\t\t\t\t\t\t<\/span>\n\t\t\t\t\t\t<span class=\"uagb-icon-active uagb-faq-icon-wrap\">\n\t\t\t\t\t\t\t\t<svg xmlns=\"https:\/\/www.w3.org\/2000\/svg\" viewBox= \"0 0 320 512\"><path d=\"M9.39 265.4l127.1-128C143.6 131.1 151.8 128 160 128s16.38 3.125 22.63 9.375l127.1 128c9.156 9.156 11.9 22.91 6.943 34.88S300.9 320 287.1 320H32.01c-12.94 0-24.62-7.781-29.58-19.75S.2333 274.5 9.39 265.4z\"><\/path><\/svg>\n\t\t\t\t\t\t\t<\/span>\n\t\t\t<span class=\"uagb-question\">\u00bfQu\u00e9 es OIDECS y cu\u00e1l es su finalidad principal?<\/span><\/div><div class=\"uagb-faq-content\"><p>Es una organizaci\u00f3n no gubernamental con m\u00e1s de 26 a\u00f1os de trayectoria dedicada a la investigaci\u00f3n aplicada, el desarrollo de proyectos sociales y la formaci\u00f3n ciudadana. Su finalidad es contribuir al cambio social mediante la generaci\u00f3n de conocimiento, la educaci\u00f3n y la participaci\u00f3n comunitaria, con un enfoque en equidad, sostenibilidad y derechos humanos.<\/p><\/div><\/div><div class=\"wp-block-uagb-faq-child uagb-faq-child__outer-wrap uagb-faq-item uagb-block-c0ede2d4 \" role=\"tab\" tabindex=\"0\"><div class=\"uagb-faq-questions-button uagb-faq-questions\">\t\t\t<span class=\"uagb-icon uagb-faq-icon-wrap\">\n\t\t\t\t\t\t\t<\/span>\n\t\t\t\t\t\t<span class=\"uagb-icon-active uagb-faq-icon-wrap\">\n\t\t\t\t\t\t\t\t<svg xmlns=\"https:\/\/www.w3.org\/2000\/svg\" viewBox= \"0 0 320 512\"><path d=\"M9.39 265.4l127.1-128C143.6 131.1 151.8 128 160 128s16.38 3.125 22.63 9.375l127.1 128c9.156 9.156 11.9 22.91 6.943 34.88S300.9 320 287.1 320H32.01c-12.94 0-24.62-7.781-29.58-19.75S.2333 274.5 9.39 265.4z\"><\/path><\/svg>\n\t\t\t\t\t\t\t<\/span>\n\t\t\t<span class=\"uagb-question\">\u00bfQu\u00e9 sectores o tem\u00e1ticas aborda esta ONG en sus proyectos?<\/span><\/div><div class=\"uagb-faq-content\"><p>Los proyectos de OIDECS se enfocan en educaci\u00f3n, participaci\u00f3n ciudadana, derechos humanos, liderazgo comunitario, igualdad, desarrollo sostenible y fortalecimiento institucional. Todos se desarrollan con base en diagn\u00f3sticos sociales y criterios t\u00e9cnicos rigurosos<\/p><\/div><\/div><div class=\"wp-block-uagb-faq-child uagb-faq-child__outer-wrap uagb-faq-item uagb-block-99aac894 \" role=\"tab\" tabindex=\"0\"><div class=\"uagb-faq-questions-button uagb-faq-questions\">\t\t\t<span class=\"uagb-icon uagb-faq-icon-wrap\">\n\t\t\t\t\t\t\t<\/span>\n\t\t\t\t\t\t<span class=\"uagb-icon-active uagb-faq-icon-wrap\">\n\t\t\t\t\t\t\t\t<svg xmlns=\"https:\/\/www.w3.org\/2000\/svg\" viewBox= \"0 0 320 512\"><path d=\"M9.39 265.4l127.1-128C143.6 131.1 151.8 128 160 128s16.38 3.125 22.63 9.375l127.1 128c9.156 9.156 11.9 22.91 6.943 34.88S300.9 320 287.1 320H32.01c-12.94 0-24.62-7.781-29.58-19.75S.2333 274.5 9.39 265.4z\"><\/path><\/svg>\n\t\t\t\t\t\t\t<\/span>\n\t\t\t<span class=\"uagb-question\">\u00bfEn qu\u00e9 regiones o pa\u00edses act\u00faa la organizaci\u00f3n?<\/span><\/div><div class=\"uagb-faq-content\"><p>OIDECS tiene un radio de acci\u00f3n que va desde lo <strong>local hasta lo internacional<\/strong>, implementando proyectos en comunidades espec\u00edficas y generando alianzas con entidades nacionales e internacionales para ampliar su impacto.<\/p><\/div><\/div><div class=\"wp-block-uagb-faq-child uagb-faq-child__outer-wrap uagb-faq-item uagb-block-e7754ee4 \" role=\"tab\" tabindex=\"0\"><div class=\"uagb-faq-questions-button uagb-faq-questions\">\t\t\t<span class=\"uagb-icon uagb-faq-icon-wrap\">\n\t\t\t\t\t\t\t<\/span>\n\t\t\t\t\t\t<span class=\"uagb-icon-active uagb-faq-icon-wrap\">\n\t\t\t\t\t\t\t\t<svg xmlns=\"https:\/\/www.w3.org\/2000\/svg\" viewBox= \"0 0 320 512\"><path d=\"M9.39 265.4l127.1-128C143.6 131.1 151.8 128 160 128s16.38 3.125 22.63 9.375l127.1 128c9.156 9.156 11.9 22.91 6.943 34.88S300.9 320 287.1 320H32.01c-12.94 0-24.62-7.781-29.58-19.75S.2333 274.5 9.39 265.4z\"><\/path><\/svg>\n\t\t\t\t\t\t\t<\/span>\n\t\t\t<span class=\"uagb-question\">\u00bfC\u00f3mo se financia OIDECS?<\/span><\/div><div class=\"uagb-faq-content\"><p>La organizaci\u00f3n se financia a trav\u00e9s de <strong>donaciones, fondos de cooperaci\u00f3n internacional, aportes de fundaciones, corporaciones privadas y convenios interinstitucionales<\/strong>. Tambi\u00e9n puede recibir contribuciones de personas naturales que apoyan causas sociales.<\/p><\/div><\/div><div class=\"wp-block-uagb-faq-child uagb-faq-child__outer-wrap uagb-faq-item uagb-block-cf9b9cec \" role=\"tab\" tabindex=\"0\"><div class=\"uagb-faq-questions-button uagb-faq-questions\">\t\t\t<span class=\"uagb-icon uagb-faq-icon-wrap\">\n\t\t\t\t\t\t\t<\/span>\n\t\t\t\t\t\t<span class=\"uagb-icon-active uagb-faq-icon-wrap\">\n\t\t\t\t\t\t\t\t<svg xmlns=\"https:\/\/www.w3.org\/2000\/svg\" viewBox= \"0 0 320 512\"><path d=\"M9.39 265.4l127.1-128C143.6 131.1 151.8 128 160 128s16.38 3.125 22.63 9.375l127.1 128c9.156 9.156 11.9 22.91 6.943 34.88S300.9 320 287.1 320H32.01c-12.94 0-24.62-7.781-29.58-19.75S.2333 274.5 9.39 265.4z\"><\/path><\/svg>\n\t\t\t\t\t\t\t<\/span>\n\t\t\t<span class=\"uagb-question\">\u00bfPuedo hacer una donaci\u00f3n y saber en qu\u00e9 se usa mi aporte?<\/span><\/div><div class=\"uagb-faq-content\"><p>S\u00ed. OIDECS cuenta con mecanismos de <strong>donaci\u00f3n seguros y transparentes<\/strong>, y garantiza la <strong>trazabilidad<\/strong> de cada aporte. Los donantes pueden recibir informaci\u00f3n peri\u00f3dica sobre c\u00f3mo y en qu\u00e9 se ha utilizado su contribuci\u00f3n.<\/p><\/div><\/div><div class=\"wp-block-uagb-faq-child uagb-faq-child__outer-wrap uagb-faq-item uagb-block-a12b6269 \" role=\"tab\" tabindex=\"0\"><div class=\"uagb-faq-questions-button uagb-faq-questions\">\t\t\t<span class=\"uagb-icon uagb-faq-icon-wrap\">\n\t\t\t\t\t\t\t<\/span>\n\t\t\t\t\t\t<span class=\"uagb-icon-active uagb-faq-icon-wrap\">\n\t\t\t\t\t\t\t\t<svg xmlns=\"https:\/\/www.w3.org\/2000\/svg\" viewBox= \"0 0 320 512\"><path d=\"M9.39 265.4l127.1-128C143.6 131.1 151.8 128 160 128s16.38 3.125 22.63 9.375l127.1 128c9.156 9.156 11.9 22.91 6.943 34.88S300.9 320 287.1 320H32.01c-12.94 0-24.62-7.781-29.58-19.75S.2333 274.5 9.39 265.4z\"><\/path><\/svg>\n\t\t\t\t\t\t\t<\/span>\n\t\t\t<span class=\"uagb-question\">\u00bfQu\u00e9 requisitos existen para acceder a los servicios educativos o participar en proyectos?<\/span><\/div><div class=\"uagb-faq-content\"><p>Los requisitos var\u00edan seg\u00fan el tipo de programa o proyecto. Sin embargo, todos los servicios est\u00e1n orientados a poblaciones que deseen fortalecer sus capacidades o contribuir al desarrollo comunitario, haciendo hincapi\u00e9 en las poblaciones y grupos mas vulnerables. La mayor\u00eda de las iniciativas son <strong>gratuitas o de bajo costo<\/strong>, con criterios de inclusi\u00f3n y participaci\u00f3n abierta.<\/p><\/div><\/div><\/div><\/div><\/div>\n","protected":false},"excerpt":{"rendered":"<p>Servicios Preguntas frecuantes<\/p>\n","protected":false},"author":1,"featured_media":0,"parent":0,"menu_order":0,"comment_status":"closed","ping_status":"closed","template":"","meta":{"_uag_custom_page_level_css":"","site-sidebar-layout":"no-sidebar","site-content-layout":"plain-container","ast-site-content-layout":"full-width-container","site-content-style":"unboxed","site-sidebar-style":"unboxed","ast-global-header-display":"","ast-banner-title-visibility":"","ast-main-header-display":"","ast-hfb-above-header-display":"","ast-hfb-below-header-display":"","ast-hfb-mobile-header-display":"","site-post-title":"disabled","ast-breadcrumbs-content":"","ast-featured-img":"disabled","footer-sml-layout":"","ast-disable-related-posts":"","theme-transparent-header-meta":"enabled","adv-header-id-meta":"","stick-header-meta":"","header-above-stick-meta":"","header-main-stick-meta":"","header-below-stick-meta":"","astra-migrate-meta-layouts":"set","ast-page-background-enabled":"default","ast-page-background-meta":{"desktop":{"background-color":"","background-image":"","background-repeat":"repeat","background-position":"center center","background-size":"auto","background-attachment":"scroll","background-type":"","background-media":"","overlay-type":"","overlay-color":"","overlay-opacity":"","overlay-gradient":""},"tablet":{"background-color":"","background-image":"","background-repeat":"repeat","background-position":"center center","background-size":"auto","background-attachment":"scroll","background-type":"","background-media":"","overlay-type":"","overlay-color":"","overlay-opacity":"","overlay-gradient":""},"mobile":{"background-color":"","background-image":"","background-repeat":"repeat","background-position":"center center","background-size":"auto","background-attachment":"scroll","background-type":"","background-media":"","overlay-type":"","overlay-color":"","overlay-opacity":"","overlay-gradient":""}},"ast-content-background-meta":{"desktop":{"background-color":"var(--ast-global-color-5)","background-image":"","background-repeat":"repeat","background-position":"center center","background-size":"auto","background-attachment":"scroll","background-type":"","background-media":"","overlay-type":"","overlay-color":"","overlay-opacity":"","overlay-gradient":""},"tablet":{"background-color":"var(--ast-global-color-5)","background-image":"","background-repeat":"repeat","background-position":"center center","background-size":"auto","background-attachment":"scroll","background-type":"","background-media":"","overlay-type":"","overlay-color":"","overlay-opacity":"","overlay-gradient":""},"mobile":{"background-color":"var(--ast-global-color-5)","background-image":"","background-repeat":"repeat","background-position":"center center","background-size":"auto","background-attachment":"scroll","background-type":"","background-media":"","overlay-type":"","overlay-color":"","overlay-opacity":"","overlay-gradient":""}},"footnotes":""},"class_list":["post-219","page","type-page","status-publish","hentry"],"uagb_featured_image_src":{"full":false,"thumbnail":false,"medium":false,"medium_large":false,"large":false,"1536x1536":false,"2048x2048":false},"uagb_author_info":{"display_name":"hf.admin","author_link":"https:\/\/oidecs.org\/?author=1"},"uagb_comment_info":0,"uagb_excerpt":"Servicios Preguntas frecuantes","_links":{"self":[{"href":"https:\/\/oidecs.org\/index.php?rest_route=\/wp\/v2\/pages\/219","targetHints":{"allow":["GET"]}}],"collection":[{"href":"https:\/\/oidecs.org\/index.php?rest_route=\/wp\/v2\/pages"}],"about":[{"href":"https:\/\/oidecs.org\/index.php?rest_route=\/wp\/v2\/types\/page"}],"author":[{"embeddable":true,"href":"https:\/\/oidecs.org\/index.php?rest_route=\/wp\/v2\/users\/1"}],"replies":[{"embeddable":true,"href":"https:\/\/oidecs.org\/index.php?rest_route=%2Fwp%2Fv2%2Fcomments&post=219"}],"version-history":[{"count":6,"href":"https:\/\/oidecs.org\/index.php?rest_route=\/wp\/v2\/pages\/219\/revisions"}],"predecessor-version":[{"id":1661,"href":"https:\/\/oidecs.org\/index.php?rest_route=\/wp\/v2\/pages\/219\/revisions\/1661"}],"wp:attachment":[{"href":"https:\/\/oidecs.org\/index.php?rest_route=%2Fwp%2Fv2%2Fmedia&parent=219"}],"curies":[{"name":"wp","href":"https:\/\/api.w.org\/{rel}","templated":true}]}}